{"id":49,"date":"2011-02-28T23:30:56","date_gmt":"2011-02-28T23:30:56","guid":{"rendered":"http:\/\/bzyczek.eu\/?page_id=49"},"modified":"2021-05-24T17:22:01","modified_gmt":"2021-05-24T17:22:01","slug":"kontakt","status":"publish","type":"page","link":"https:\/\/bzyczek.eu\/?page_id=49","title":{"rendered":"Kontakt"},"content":{"rendered":"\n<p><\/p>\n\n\n\n<p><strong><span class=\"has-inline-color has-luminous-vivid-orange-color\">PRZEDSZKOLE NIEPUBLICZNE &#8222;BZYCZEK&#8221;<br>\u0141AZY, UL. \u0141\u0104CZNO\u015aCI 11<br>05-552 MAGDALENKA<\/span><\/strong><\/p>\n\n\n\n<p><a href=\"http:\/\/www.bzyczek.eu\/\">http:\/\/www.bzyczek.eu<\/a><\/p>\n\n\n\n<ul class=\"wp-container-1 wp-block-social-links has-large-icon-size is-style-default\"><li class=\"wp-social-link wp-social-link-mail wp-block-social-link\"><a href=\"mailto:przedszkolebzyczek@hotmail.com\" aria-label=\"Mail: mailto:przedszkolebzyczek@hotmail.com\" rel=\"noopener nofollow\" target=\"_blank\" class=\"wp-block-social-link-anchor\"> <svg width=\"24\" height=\"24\" viewBox=\"0 0 24 24\" version=\"1.1\" xmlns=\"http:\/\/www.w3.org\/2000\/svg\" role=\"img\" aria-hidden=\"true\" focusable=\"false\"><path d=\"M20,4H4C2.895,4,2,4.895,2,6v12c0,1.105,0.895,2,2,2h16c1.105,0,2-0.895,2-2V6C22,4.895,21.105,4,20,4z M20,8.236l-8,4.882 L4,8.236V6h16V8.236z\"><\/path><\/svg><\/a><\/li>\n\n<li class=\"wp-social-link wp-social-link-facebook wp-block-social-link\"><a href=\"https:\/\/www.facebook.com\/PrzedszkoleBzyczek\" aria-label=\"https:\/\/www.facebook.com\/PrzedszkoleBzyczek\" rel=\"noopener nofollow\" target=\"_blank\" class=\"wp-block-social-link-anchor\"> <svg width=\"24\" height=\"24\" viewBox=\"0 0 24 24\" version=\"1.1\" xmlns=\"http:\/\/www.w3.org\/2000\/svg\" role=\"img\" aria-hidden=\"true\" focusable=\"false\"><path d=\"M12 2C6.5 2 2 6.5 2 12c0 5 3.7 9.1 8.4 9.9v-7H7.9V12h2.5V9.8c0-2.5 1.5-3.9 3.8-3.9 1.1 0 2.2.2 2.2.2v2.5h-1.3c-1.2 0-1.6.8-1.6 1.6V12h2.8l-.4 2.9h-2.3v7C18.3 21.1 22 17 22 12c0-5.5-4.5-10-10-10z\"><\/path><\/svg><\/a><\/li><\/ul>\n\n\n\n<p class=\"has-text-align-center\">kontakt telefoniczny:        <br>                                         <span class=\"has-inline-color has-vivid-cyan-blue-color\"><strong>501 606 508<\/strong><\/span><br>                                         <strong><span class=\"has-inline-color has-vivid-cyan-blue-color\">697 923 677<\/span>\u00a0<\/strong><\/p>\n\n\n\n<p><\/p>\n\n\n\n<p><\/p>\n\n\n\n<p>Znajd\u0105 nas Pa\u0144stwo bardzo \u0142atwo \ud83d\ude42<br>Plac\u00f3wka nasza mie\u015bci si\u0119 tylko 300 m od al. Krakowskiej przy g\u0142\u00f3wnej ulicy w \u0141azach.<br>Zapraszamy!<\/p>\n\n\n\n<iframe src=\"https:\/\/www.google.com\/maps\/embed?pb=!1m18!1m12!1m3!1d2915.8808351393923!2d20.88042875858127!3d52.08057194807105!2m3!1f0!2f0!3f0!3m2!1i1024!2i768!4f13.1!3m3!1m2!1s0x471930dee829b3e9%3A0x91950d114909ddbe!2sPrzedszkole%20Niepubliczne%20Bzyczek!5e0!3m2!1spl!2spl!4v1618602619082!5m2!1spl!2spl\" width=\"600\" height=\"450\" style=\"border:0;\" allowfullscreen=\"\" loading=\"lazy\"><\/iframe>\n","protected":false},"excerpt":{"rendered":"<p>PRZEDSZKOLE NIEPUBLICZNE &#8222;BZYCZEK&#8221;\u0141AZY, UL. \u0141\u0104CZNO\u015aCI 1105-552 MAGDALENKA http:\/\/www.bzyczek.eu kontakt telefoniczny: 501 606 508 697 923 677\u00a0 Znajd\u0105 nas Pa\u0144stwo bardzo \u0142atwo \ud83d\ude42Plac\u00f3wka nasza mie\u015bci si\u0119 tylko 300 m od al. Krakowskiej przy g\u0142\u00f3wnej ulicy w \u0141azach.Zapraszamy!<\/p>\n","protected":false},"author":1,"featured_media":0,"parent":0,"menu_order":9,"comment_status":"closed","ping_status":"closed","template":"onecolumn.php","meta":{"ngg_post_thumbnail":0},"_links":{"self":[{"href":"https:\/\/bzyczek.eu\/index.php?rest_route=\/wp\/v2\/pages\/49"}],"collection":[{"href":"https:\/\/bzyczek.eu\/index.php?rest_route=\/wp\/v2\/pages"}],"about":[{"href":"https:\/\/bzyczek.eu\/index.php?rest_route=\/wp\/v2\/types\/page"}],"author":[{"embeddable":true,"href":"https:\/\/bzyczek.eu\/index.php?rest_route=\/wp\/v2\/users\/1"}],"replies":[{"embeddable":true,"href":"https:\/\/bzyczek.eu\/index.php?rest_route=%2Fwp%2Fv2%2Fcomments&post=49"}],"version-history":[{"count":42,"href":"https:\/\/bzyczek.eu\/index.php?rest_route=\/wp\/v2\/pages\/49\/revisions"}],"predecessor-version":[{"id":2776,"href":"https:\/\/bzyczek.eu\/index.php?rest_route=\/wp\/v2\/pages\/49\/revisions\/2776"}],"wp:attachment":[{"href":"https:\/\/bzyczek.eu\/index.php?rest_route=%2Fwp%2Fv2%2Fmedia&parent=49"}],"curies":[{"name":"wp","href":"https:\/\/api.w.org\/{rel}","templated":true}]}}