{"id":32,"date":"2011-02-28T22:54:54","date_gmt":"2011-02-28T22:54:54","guid":{"rendered":"http:\/\/localhost\/wordpresshttp:\/\/bzyczek.eu\/?page_id=32"},"modified":"2021-05-24T16:58:40","modified_gmt":"2021-05-24T16:58:40","slug":"zasady-przedszkola","status":"publish","type":"page","link":"https:\/\/bzyczek.eu\/?page_id=32","title":{"rendered":"Zasady Przedszkola"},"content":{"rendered":"<p>&nbsp;<\/p>\n<p><strong><span style=\"color: #ff0000;\">OBOWI\u0104ZKIEM RODZIC\u00d3W JEST PRZYPROWADZENIA DO PRZEDSZKOLA DZIECI ZDROWYCH !<\/span><br \/>\n<\/strong><\/p>\n<p><span style=\"color: #ffcc00;\"><strong>NIE PRZYJMUJEMY DZIECI<\/strong>,<\/span> kt\u00f3re:<\/p>\n<ul>\n<li>maj\u0105 katar, kaszel, gor\u0105czk\u0119 (nie dotyczy alergii),<\/li>\n<li>s\u0105 przezi\u0119bione lub chore,<\/li>\n<li>s\u0105 w trakcie leczenia antybiotykowego,<\/li>\n<li>przejawiaj\u0105 inne objawy, kt\u00f3re maj\u0105 znamiona przezi\u0119bienia lub choroby.<\/li>\n<\/ul>\n<p>Drodzy Rodzice:<\/p>\n<ul>\n<li>nie praktykujemy podawania dzieciom lek\u00f3w przynoszonych z domu<\/li>\n<li>podajemy wy\u0142\u0105cznie, za pisemnym upowa\u017cnieniem rodzic\u00f3w witaminy i preparaty uodparniaj\u0105ce<\/li>\n<li>leki na alergie podajemy wy\u0142\u0105cznie, za pisemnym upowa\u017cnieniem rodzic\u00f3w i alergologa<\/li>\n<\/ul>\n<p><span style=\"color: #ffcc00;\"><strong>PRZEZI\u0118BIENIE POWSTA\u0141E W CZASIE POBYTU DZIECKA W PRZEDSZKOLU<\/strong><\/span><\/p>\n<ul>\n<li>obowi\u0105zkiem wychowawcy jest natychmiastowe powiadamianie Rodzic\u00f3w je\u015bli stwierdzi on, \u017ce dziecko \u017ale si\u0119 czuje, dlatego te\u017c prosimy o aktualne numery telefon\u00f3w kontaktowych;<\/li>\n<li>obowi\u0105zkiem rodzic\u00f3w, po otrzymaniu informacji, jest wcze\u015bniejszy odbi\u00f3r dziecka je\u015bli nauczyciel stwierdzi, \u017ce dziecko \u017ale si\u0119 czuje lub ma objawy przezi\u0119bienia.<\/li>\n<\/ul>\n<p><span style=\"color: #ffcc00;\"><strong>NASZA PLAC\u00d3WKA A ALERGIE<\/strong><\/span><\/p>\n<ul>\n<li>w przypadku kataru i kaszlu alergicznego Rodzice zobowi\u0105zani s\u0105 przedstawi\u0107 stosowne za\u015bwiadczenie od lekarza alergologa z wyszczeg\u00f3lnieniem rodzaju alergii;<\/li>\n<li>obowi\u0105zkiem rodzica, w przypadku alergii pokarmowej, jest dostarczenie pe\u0142nej listy produkt\u00f3w uczulaj\u0105cych dziecko,<\/li>\n<li>obowi\u0105zkiem rodzica, w przypadku atopowego zapalenia sk\u00f3ry i alergii wziewnych, jest dostarczenie preparat\u00f3w i instrukcji post\u0119powania w przypadku wyst\u0105pienia objaw\u00f3w;<\/li>\n<\/ul>\n<p><span style=\"color: #ffcc00;\"><strong>WYJ\u015aCIA NA DW\u00d3R<\/strong><\/span><\/p>\n<p>Na dw\u00f3r wychodzimy codziennie chyba, \u017ce:<\/p>\n<ul>\n<li>wieje silny wiatr,<\/li>\n<li>pada deszcz, deszcz ze \u015bniegiem, jest \u015bnie\u017cyca<\/li>\n<li>temperatura jest ni\u017csza od -10<sup>o<\/sup> C,<\/li>\n<li>na placu zabaw znajduj\u0105 si\u0119 ka\u0142u\u017ce i jest bardzo mokro lub \u015blisko,<\/li>\n<li>zaistniej\u0105 inne warunki pogodowe nie sprzyjaj\u0105ce do wyj\u015bcia na zewn\u0105trz.<\/li>\n<\/ul>\n<p>Dziecko przyprowadzone do plac\u00f3wki, z za\u0142o\u017cenia jest zdrowe i w zwi\u0105zku z tym mo\u017ce wyj\u015b\u0107 na plac zabaw, spacer. Dziecko mo\u017ce pozosta\u0107 w sali, je\u015bli zaczyna gor\u0105czkowa\u0107 lub pojawiaj\u0105 si\u0119 pierwsze oznaki przezi\u0119bienia, choroby.<\/p>\n","protected":false},"excerpt":{"rendered":"<p>&nbsp; OBOWI\u0104ZKIEM RODZIC\u00d3W JEST PRZYPROWADZENIA DO PRZEDSZKOLA DZIECI ZDROWYCH ! NIE PRZYJMUJEMY DZIECI, kt\u00f3re: maj\u0105 katar, kaszel, gor\u0105czk\u0119 (nie dotyczy alergii), s\u0105 przezi\u0119bione lub chore, s\u0105 w trakcie leczenia antybiotykowego, przejawiaj\u0105 inne objawy, kt\u00f3re maj\u0105 znamiona przezi\u0119bienia lub choroby. Drodzy Rodzice: nie praktykujemy podawania dzieciom lek\u00f3w przynoszonych z domu podajemy wy\u0142\u0105cznie, za pisemnym upowa\u017cnieniem rodzic\u00f3w witaminy i preparaty uodparniaj\u0105ce leki na alergie podajemy wy\u0142\u0105cznie, za pisemnym upowa\u017cnieniem rodzic\u00f3w i alergologa PRZEZI\u0118BIENIE POWSTA\u0141E W CZASIE POBYTU DZIECKA W PRZEDSZKOLU obowi\u0105zkiem wychowawcy jest natychmiastowe powiadamianie Rodzic\u00f3w je\u015bli stwierdzi on, \u017ce dziecko \u017ale si\u0119 czuje, dlatego te\u017c prosimy o aktualne numery telefon\u00f3w kontaktowych; obowi\u0105zkiem rodzic\u00f3w, po otrzymaniu informacji, jest wcze\u015bniejszy odbi\u00f3r dziecka je\u015bli nauczyciel stwierdzi, \u017ce dziecko \u017ale si\u0119 czuje lub ma objawy przezi\u0119bienia. NASZA PLAC\u00d3WKA A ALERGIE w przypadku kataru i kaszlu alergicznego Rodzice zobowi\u0105zani s\u0105 przedstawi\u0107 stosowne za\u015bwiadczenie od lekarza alergologa z wyszczeg\u00f3lnieniem rodzaju alergii; obowi\u0105zkiem rodzica, w przypadku alergii pokarmowej, jest dostarczenie pe\u0142nej listy produkt\u00f3w uczulaj\u0105cych dziecko, obowi\u0105zkiem rodzica, w przypadku atopowego zapalenia sk\u00f3ry i alergii wziewnych, jest dostarczenie preparat\u00f3w i instrukcji post\u0119powania w przypadku wyst\u0105pienia objaw\u00f3w; WYJ\u015aCIA NA DW\u00d3R Na dw\u00f3r wychodzimy codziennie chyba, \u017ce: wieje silny wiatr, pada deszcz, deszcz ze \u015bniegiem, jest \u015bnie\u017cyca temperatura jest ni\u017csza od -10o C, na placu zabaw znajduj\u0105 si\u0119 ka\u0142u\u017ce i jest bardzo mokro lub \u015blisko, zaistniej\u0105 inne warunki pogodowe nie sprzyjaj\u0105ce do wyj\u015bcia na zewn\u0105trz. Dziecko przyprowadzone do plac\u00f3wki, z za\u0142o\u017cenia jest zdrowe i w zwi\u0105zku z tym mo\u017ce wyj\u015b\u0107 na plac zabaw, spacer. Dziecko mo\u017ce pozosta\u0107 w sali, je\u015bli zaczyna gor\u0105czkowa\u0107 lub pojawiaj\u0105 si\u0119 pierwsze oznaki przezi\u0119bienia, choroby.<\/p>\n","protected":false},"author":1,"featured_media":0,"parent":41,"menu_order":0,"comment_status":"closed","ping_status":"closed","template":"","meta":{"ngg_post_thumbnail":0},"_links":{"self":[{"href":"https:\/\/bzyczek.eu\/index.php?rest_route=\/wp\/v2\/pages\/32"}],"collection":[{"href":"https:\/\/bzyczek.eu\/index.php?rest_route=\/wp\/v2\/pages"}],"about":[{"href":"https:\/\/bzyczek.eu\/index.php?rest_route=\/wp\/v2\/types\/page"}],"author":[{"embeddable":true,"href":"https:\/\/bzyczek.eu\/index.php?rest_route=\/wp\/v2\/users\/1"}],"replies":[{"embeddable":true,"href":"https:\/\/bzyczek.eu\/index.php?rest_route=%2Fwp%2Fv2%2Fcomments&post=32"}],"version-history":[{"count":16,"href":"https:\/\/bzyczek.eu\/index.php?rest_route=\/wp\/v2\/pages\/32\/revisions"}],"predecessor-version":[{"id":2763,"href":"https:\/\/bzyczek.eu\/index.php?rest_route=\/wp\/v2\/pages\/32\/revisions\/2763"}],"up":[{"embeddable":true,"href":"https:\/\/bzyczek.eu\/index.php?rest_route=\/wp\/v2\/pages\/41"}],"wp:attachment":[{"href":"https:\/\/bzyczek.eu\/index.php?rest_route=%2Fwp%2Fv2%2Fmedia&parent=32"}],"curies":[{"name":"wp","href":"https:\/\/api.w.org\/{rel}","templated":true}]}}