{"id":2,"date":"2011-02-27T21:25:00","date_gmt":"2011-02-27T21:25:00","guid":{"rendered":"http:\/\/bzyczek.eu\/?page_id=2"},"modified":"2022-03-02T13:41:18","modified_gmt":"2022-03-02T13:41:18","slug":"przykladowa-strona","status":"publish","type":"page","link":"https:\/\/bzyczek.eu\/","title":{"rendered":"O nas"},"content":{"rendered":"\n<p>Zapraszamy wszystkie dzieci w wieku od 2,5 do\u00a05 lat do wsp\u00f3lnej zabawy w <strong><span class=\"has-inline-color has-luminous-vivid-orange-color\">Przedszkolu Niepublicznym &#8222;Bzyczek&#8221;<\/span><\/strong>, mieszcz\u0105cym si\u0119 w \u0141azach przy ul. \u0141\u0105czno\u015bci 11. Jeste\u015bmy niedu\u017c\u0105 kameraln\u0105 plac\u00f3wk\u0105, w kt\u00f3rej panuje ciep\u0142a, rodzinna atmosfera, gwarantuj\u0105ca bezpiecze\u0144stwo oraz dobre samopoczucie maluch\u00f3w.<\/p>\n\n\n\n<p>Dzia\u0142amy na rynku od 2006 roku. Naszym priorytetem jest zapewnienie Pa\u0144stwa dzieciom jak najkorzystniejszych warunk\u00f3w do wszechstronnego rozwoju psychofizycznego. W pracy z podopiecznymi stosujemy r\u00f3\u017cnorodne metody i najlepsze programy, kt\u00f3re w interesuj\u0105cy spos\u00f3b wprowadzaj\u0105 dzieci w bogaty \u015bwiat kolor\u00f3w, kszta\u0142t\u00f3w, a tak\u017ce uczu\u0107 i emocji. W naszej plac\u00f3wce traktujemy dzieci podmiotowo, wyznajemy bowiem zasad\u0119, \u017ce nawet najmniejszy cz\u0142owiek zas\u0142uguje na szacunek i ma prawo do wyra\u017cania w\u0142asnego zdania. Czuwamy tak\u017ce nad zdrowiem i bezpiecze\u0144stwem przedszkolak\u00f3w &#8211; nasza kadra przechodzi cykliczne szkolenia z pierwszej pomocy.<\/p>\n\n\n\n<p>Serdecznie zapraszamy do zapoznania si\u0119 z <a href=\"http:\/\/bzyczek.eu\/?page_id=127\" data-type=\"URL\" data-id=\"http:\/\/bzyczek.eu\/?page_id=127\">ofert\u0105<\/a> naszego Przedszkola &#8211; starali\u015bmy si\u0119 stworzy\u0107 miejsce, kt\u00f3re, mamy nadziej\u0119, spe\u0142ni Pa\u0144stwa oczekiwania i sprawi, \u017ce maluchy poczuj\u0105 si\u0119 naprawd\u0119 szcz\u0119\u015bliwe.<\/p>\n\n\n\n<ul class=\"wp-container-1 wp-block-social-links alignleft has-large-icon-size\"><li class=\"wp-social-link wp-social-link-mail wp-block-social-link\"><a href=\"mailto:przedszkolebzyczek@hotmail.com\" aria-label=\"Mail: mailto:przedszkolebzyczek@hotmail.com\" rel=\"noopener nofollow\" target=\"_blank\" class=\"wp-block-social-link-anchor\"> <svg width=\"24\" height=\"24\" viewBox=\"0 0 24 24\" version=\"1.1\" xmlns=\"http:\/\/www.w3.org\/2000\/svg\" role=\"img\" aria-hidden=\"true\" focusable=\"false\"><path d=\"M20,4H4C2.895,4,2,4.895,2,6v12c0,1.105,0.895,2,2,2h16c1.105,0,2-0.895,2-2V6C22,4.895,21.105,4,20,4z M20,8.236l-8,4.882 L4,8.236V6h16V8.236z\"><\/path><\/svg><\/a><\/li>\n\n<li class=\"wp-social-link wp-social-link-facebook wp-block-social-link\"><a href=\"https:\/\/www.facebook.com\/PrzedszkoleBzyczek\" aria-label=\"https:\/\/www.facebook.com\/PrzedszkoleBzyczek\" rel=\"noopener nofollow\" target=\"_blank\" class=\"wp-block-social-link-anchor\"> <svg width=\"24\" height=\"24\" viewBox=\"0 0 24 24\" version=\"1.1\" xmlns=\"http:\/\/www.w3.org\/2000\/svg\" role=\"img\" aria-hidden=\"true\" focusable=\"false\"><path d=\"M12 2C6.5 2 2 6.5 2 12c0 5 3.7 9.1 8.4 9.9v-7H7.9V12h2.5V9.8c0-2.5 1.5-3.9 3.8-3.9 1.1 0 2.2.2 2.2.2v2.5h-1.3c-1.2 0-1.6.8-1.6 1.6V12h2.8l-.4 2.9h-2.3v7C18.3 21.1 22 17 22 12c0-5.5-4.5-10-10-10z\"><\/path><\/svg><\/a><\/li><\/ul>\n","protected":false},"excerpt":{"rendered":"<p>Zapraszamy wszystkie dzieci w wieku od 2,5 do\u00a05 lat do wsp\u00f3lnej zabawy w Przedszkolu Niepublicznym &#8222;Bzyczek&#8221;, mieszcz\u0105cym si\u0119 w \u0141azach przy ul. \u0141\u0105czno\u015bci 11. Jeste\u015bmy niedu\u017c\u0105 kameraln\u0105 plac\u00f3wk\u0105, w kt\u00f3rej panuje ciep\u0142a, rodzinna atmosfera, gwarantuj\u0105ca bezpiecze\u0144stwo oraz dobre samopoczucie maluch\u00f3w. Dzia\u0142amy na rynku od 2006 roku. Naszym priorytetem jest zapewnienie Pa\u0144stwa dzieciom jak najkorzystniejszych warunk\u00f3w do wszechstronnego rozwoju psychofizycznego. W pracy z podopiecznymi stosujemy r\u00f3\u017cnorodne metody i najlepsze programy, kt\u00f3re w interesuj\u0105cy spos\u00f3b wprowadzaj\u0105 dzieci w bogaty \u015bwiat kolor\u00f3w, kszta\u0142t\u00f3w, a tak\u017ce uczu\u0107 i emocji. W naszej plac\u00f3wce traktujemy dzieci podmiotowo, wyznajemy bowiem zasad\u0119, \u017ce nawet najmniejszy cz\u0142owiek zas\u0142uguje na szacunek i ma prawo do wyra\u017cania w\u0142asnego zdania. Czuwamy tak\u017ce nad zdrowiem i bezpiecze\u0144stwem przedszkolak\u00f3w &#8211; nasza kadra przechodzi cykliczne szkolenia z pierwszej pomocy. Serdecznie zapraszamy do zapoznania si\u0119 z ofert\u0105 naszego Przedszkola &#8211; starali\u015bmy si\u0119 stworzy\u0107 miejsce, kt\u00f3re, mamy nadziej\u0119, spe\u0142ni Pa\u0144stwa oczekiwania i sprawi, \u017ce maluchy poczuj\u0105 si\u0119 naprawd\u0119 szcz\u0119\u015bliwe.<\/p>\n","protected":false},"author":1,"featured_media":0,"parent":0,"menu_order":0,"comment_status":"closed","ping_status":"closed","template":"","meta":{"ngg_post_thumbnail":0},"_links":{"self":[{"href":"https:\/\/bzyczek.eu\/index.php?rest_route=\/wp\/v2\/pages\/2"}],"collection":[{"href":"https:\/\/bzyczek.eu\/index.php?rest_route=\/wp\/v2\/pages"}],"about":[{"href":"https:\/\/bzyczek.eu\/index.php?rest_route=\/wp\/v2\/types\/page"}],"author":[{"embeddable":true,"href":"https:\/\/bzyczek.eu\/index.php?rest_route=\/wp\/v2\/users\/1"}],"replies":[{"embeddable":true,"href":"https:\/\/bzyczek.eu\/index.php?rest_route=%2Fwp%2Fv2%2Fcomments&post=2"}],"version-history":[{"count":29,"href":"https:\/\/bzyczek.eu\/index.php?rest_route=\/wp\/v2\/pages\/2\/revisions"}],"predecessor-version":[{"id":3058,"href":"https:\/\/bzyczek.eu\/index.php?rest_route=\/wp\/v2\/pages\/2\/revisions\/3058"}],"wp:attachment":[{"href":"https:\/\/bzyczek.eu\/index.php?rest_route=%2Fwp%2Fv2%2Fmedia&parent=2"}],"curies":[{"name":"wp","href":"https:\/\/api.w.org\/{rel}","templated":true}]}}