{"id":119,"date":"2011-03-02T21:02:01","date_gmt":"2011-03-02T21:02:01","guid":{"rendered":"http:\/\/bzyczek.eu\/?page_id=119"},"modified":"2011-03-18T08:52:56","modified_gmt":"2011-03-18T08:52:56","slug":"wyprawka-dziecka","status":"publish","type":"page","link":"https:\/\/bzyczek.eu\/?page_id=119","title":{"rendered":"Wyprawka Dziecka"},"content":{"rendered":"<p><strong>WYPRAWKA DZIECKA:<\/strong><\/p>\n<div>\n<div>\n<ul>\n<li>Szczoteczka do z\u0119b&oacute;w<\/li>\n<li>Pasta do z\u0119b&oacute;w<\/li>\n<li>Kubeczek do p\u0142ukania z\u0119b&oacute;w<\/li>\n<li>R\u0119cznik (koniecznie z wieszaczkiem!)<\/li>\n<li>Kapcie (nie klapki)<\/li>\n<li>Pieluchy (je\u015bli dziecko u\u017cywa)<\/li>\n<li>Chusteczki nawil\u017cane<\/li>\n<li>Chustka lub czapka na g\u0142ow\u0119<\/li>\n<li>Krem ochronny zimowy i letni<\/li>\n<li>Ubrania na zmian\u0119 (przynajmniej 3 zmiany ubra\u0144 i 5 par majtek)<\/li>\n<li>Str&oacute;j sportowy<\/li>\n<li>Prze\u015bcierad\u0142o, poduszka, koc lub ko\u0142derka z wype\u0142nieniem <br \/>\n\t\t\t\t(je\u015bli dziecko \u015bpi w ci\u0105gu dnia)<\/li>\n<li>Fartuszek lub stare ubranie do malowania farbami<\/li>\n<\/ul>\n<p>\t\t<strong>Wszystkie elementy wyprawki musz\u0105 by\u0107 podpisane<\/strong><strong> <br \/>\n\t\t(buty, ubrania, bielizna i skarpetki r&oacute;wnie\u017c!)<\/strong><\/div>\n<\/div>\n","protected":false},"excerpt":{"rendered":"<p>WYPRAWKA DZIECKA: Szczoteczka do z\u0119b&oacute;w Pasta do z\u0119b&oacute;w Kubeczek do p\u0142ukania z\u0119b&oacute;w R\u0119cznik (koniecznie z wieszaczkiem!) Kapcie (nie klapki) Pieluchy (je\u015bli dziecko u\u017cywa) Chusteczki nawil\u017cane Chustka lub czapka na g\u0142ow\u0119 Krem ochronny zimowy i letni Ubrania na zmian\u0119 (przynajmniej 3 zmiany ubra\u0144 i 5 par majtek) Str&oacute;j sportowy Prze\u015bcierad\u0142o, poduszka, koc lub ko\u0142derka z wype\u0142nieniem (je\u015bli dziecko \u015bpi w ci\u0105gu dnia) Fartuszek lub stare ubranie do malowania farbami Wszystkie elementy wyprawki musz\u0105 by\u0107 podpisane (buty, ubrania, bielizna i skarpetki r&oacute;wnie\u017c!)<\/p>\n","protected":false},"author":1,"featured_media":0,"parent":41,"menu_order":0,"comment_status":"closed","ping_status":"closed","template":"","meta":{"ngg_post_thumbnail":0},"_links":{"self":[{"href":"https:\/\/bzyczek.eu\/index.php?rest_route=\/wp\/v2\/pages\/119"}],"collection":[{"href":"https:\/\/bzyczek.eu\/index.php?rest_route=\/wp\/v2\/pages"}],"about":[{"href":"https:\/\/bzyczek.eu\/index.php?rest_route=\/wp\/v2\/types\/page"}],"author":[{"embeddable":true,"href":"https:\/\/bzyczek.eu\/index.php?rest_route=\/wp\/v2\/users\/1"}],"replies":[{"embeddable":true,"href":"https:\/\/bzyczek.eu\/index.php?rest_route=%2Fwp%2Fv2%2Fcomments&post=119"}],"version-history":[{"count":6,"href":"https:\/\/bzyczek.eu\/index.php?rest_route=\/wp\/v2\/pages\/119\/revisions"}],"predecessor-version":[{"id":227,"href":"https:\/\/bzyczek.eu\/index.php?rest_route=\/wp\/v2\/pages\/119\/revisions\/227"}],"up":[{"embeddable":true,"href":"https:\/\/bzyczek.eu\/index.php?rest_route=\/wp\/v2\/pages\/41"}],"wp:attachment":[{"href":"https:\/\/bzyczek.eu\/index.php?rest_route=%2Fwp%2Fv2%2Fmedia&parent=119"}],"curies":[{"name":"wp","href":"https:\/\/api.w.org\/{rel}","templated":true}]}}