{"id":104,"date":"2011-03-02T20:12:56","date_gmt":"2011-03-02T20:12:56","guid":{"rendered":"http:\/\/localhost\/wordpresshttp:\/\/bzyczek.eu\/?page_id=104"},"modified":"2015-03-15T21:15:10","modified_gmt":"2015-03-15T21:15:10","slug":"podstrona","status":"publish","type":"page","link":"https:\/\/bzyczek.eu\/?page_id=104","title":{"rendered":"Plan Zaj\u0119\u0107"},"content":{"rendered":"<p><!--[if gte mso 9]><xml>\n <w:WordDocument>\n  <w:View>Normal<\/w:View>\n  <w:Zoom>0<\/w:Zoom>\n  <w:HyphenationZone>21<\/w:HyphenationZone>\n  <w:PunctuationKerning\/>\n  <w:ValidateAgainstSchemas\/>\n  <w:SaveIfXMLInvalid>false<\/w:SaveIfXMLInvalid>\n  <w:IgnoreMixedContent>false<\/w:IgnoreMixedContent>\n  <w:AlwaysShowPlaceholderText>false<\/w:AlwaysShowPlaceholderText>\n  <w:Compatibility>\n   <w:BreakWrappedTables\/>\n   <w:SnapToGridInCell\/>\n   <w:WrapTextWithPunct\/>\n   <w:UseAsianBreakRules\/>\n   <w:DontGrowAutofit\/>\n  <\/w:Compatibility>\n  <w:BrowserLevel>MicrosoftInternetExplorer4<\/w:BrowserLevel>\n <\/w:WordDocument>\n<\/xml><![endif]--><!--[if gte mso 9]><xml>\n <w:LatentStyles DefLockedState=\"false\" LatentStyleCount=\"156\">\n <\/w:LatentStyles>\n<\/xml><![endif]--><!--[if gte mso 10]>\n\n\n<style>\n \/* Style Definitions *\/\n table.MsoNormalTable\n\t{mso-style-name:Standardowy;\n\tmso-tstyle-rowband-size:0;\n\tmso-tstyle-colband-size:0;\n\tmso-style-noshow:yes;\n\tmso-style-parent:\"\";\n\tmso-padding-alt:0cm 5.4pt 0cm 5.4pt;\n\tmso-para-margin:0cm;\n\tmso-para-margin-bottom:.0001pt;\n\tmso-pagination:widow-orphan;\n\tfont-size:10.0pt;\n\tfont-family:\"Times New Roman\";\n\tmso-ansi-language:#0400;\n\tmso-fareast-language:#0400;\n\tmso-bidi-language:#0400;}\n<\/style>\n\n\n<![endif]--><\/p>\n<p class=\"MsoNormal\">6<sup>30<\/sup> &#8211; 8<sup>30<\/sup> <span style=\"\">&nbsp;<\/span><span style=\"\">&nbsp;&nbsp;<\/span><span style=\"\">&nbsp;<\/span><span style=\"\">&nbsp;<\/span>P<span style=\"\">rzyprowadzanie dzieci do przedszkola, swobodne zabawy<\/span><\/p>\n<p class=\"MsoNormal\">9<sup>30<\/sup> &#8211; 9<sup>00<\/sup> <span style=\"\">&nbsp;&nbsp;&nbsp;<\/span><span style=\"\">&nbsp;<\/span><span style=\"\">&nbsp;<\/span><span style=\"\">Przygotowanie do posi\u0142ku, posi\u0142ek<\/span><\/p>\n<p class=\"MsoNormal\">9<sup>00<\/sup> &#8211; 11<sup>00<\/sup> <span style=\"\">&nbsp;&nbsp;<\/span><span style=\"\">&nbsp;<\/span>Z<span style=\"\">aj\u0119cia dydaktyczne (edukacja przedszkolna)<\/span><\/p>\n<p class=\"MsoNormal\">11<sup>00<\/sup> &#8211; 11<sup>30<\/sup> <span style=\"\">&nbsp;<\/span>P<span style=\"\">rzygotowanie do posi\u0142ku, posi\u0142ek<\/span><\/p>\n<p class=\"MsoNormal\">11<sup>30<\/sup> &#8211; 12<sup>30<\/sup> <span style=\"\">&nbsp;<\/span>Z<span style=\"\">aj\u0119cia dydaktyczne (zaj\u0119cia dodatkowe)<\/span><\/p>\n<p class=\"MsoNormal\">12<sup>30<\/sup> &#8211; 13<sup>00<\/sup> <span style=\"\">&nbsp;<\/span>W<span style=\"\">yj\u015bcie na dw&oacute;r <\/span><\/p>\n<p class=\"MsoNormal\">13<sup>30<\/sup> &#8211; 14<sup>00<\/sup> <span style=\"\">&nbsp;<\/span>P<span style=\"\">rzygotowanie do posi\u0142ku, posi\u0142ek<\/span><\/p>\n<p class=\"MsoNormal\">14<sup>00<\/sup> &#8211; 14<sup>30<\/sup> <span style=\"\">&nbsp;<\/span><span style=\"\">Odpoczynek poobiedni, zaj\u0119cia wyciszaj\u0105ce<\/span><\/p>\n<p class=\"MsoNormal\">14<sup>30<\/sup> &#8211; 16<sup>00<\/sup> <span style=\"\">&nbsp;<\/span>Z<span style=\"\">aj\u0119cia dydaktyczne &#8211; k&oacute;\u0142ka zainteresowa\u0144 <\/span><\/p>\n<p class=\"MsoNormal\">16<sup>00<\/sup> &#8211; 16<sup>30<\/sup> <span style=\"\">&nbsp;<\/span><span style=\"\">Przygotowanie do posi\u0142ku, posi\u0142ek<\/span><\/p>\n<p class=\"MsoNormal\">16<sup>30<\/sup> &#8211; 18<sup>00<\/sup> <span style=\"\">&nbsp;<\/span><span style=\"\">Swobodne zabawy, odbieranie dzieci z przedszkola<\/span><\/p>\n","protected":false},"excerpt":{"rendered":"<p>630 &#8211; 830 &nbsp;&nbsp;&nbsp;&nbsp;&nbsp;Przyprowadzanie dzieci do przedszkola, swobodne zabawy 930 &#8211; 900 &nbsp;&nbsp;&nbsp;&nbsp;&nbsp;Przygotowanie do posi\u0142ku, posi\u0142ek 900 &#8211; 1100 &nbsp;&nbsp;&nbsp;Zaj\u0119cia dydaktyczne (edukacja przedszkolna) 1100 &#8211; 1130 &nbsp;Przygotowanie do posi\u0142ku, posi\u0142ek 1130 &#8211; 1230 &nbsp;Zaj\u0119cia dydaktyczne (zaj\u0119cia dodatkowe) 1230 &#8211; 1300 &nbsp;Wyj\u015bcie na dw&oacute;r 1330 &#8211; 1400 &nbsp;Przygotowanie do posi\u0142ku, posi\u0142ek 1400 &#8211; 1430 &nbsp;Odpoczynek poobiedni, zaj\u0119cia wyciszaj\u0105ce 1430 &#8211; 1600 &nbsp;Zaj\u0119cia dydaktyczne &#8211; k&oacute;\u0142ka zainteresowa\u0144 1600 &#8211; 1630 &nbsp;Przygotowanie do posi\u0142ku, posi\u0142ek 1630 &#8211; 1800 &nbsp;Swobodne zabawy, odbieranie dzieci z przedszkola<\/p>\n","protected":false},"author":1,"featured_media":0,"parent":41,"menu_order":0,"comment_status":"closed","ping_status":"closed","template":"","meta":{"ngg_post_thumbnail":0},"_links":{"self":[{"href":"https:\/\/bzyczek.eu\/index.php?rest_route=\/wp\/v2\/pages\/104"}],"collection":[{"href":"https:\/\/bzyczek.eu\/index.php?rest_route=\/wp\/v2\/pages"}],"about":[{"href":"https:\/\/bzyczek.eu\/index.php?rest_route=\/wp\/v2\/types\/page"}],"author":[{"embeddable":true,"href":"https:\/\/bzyczek.eu\/index.php?rest_route=\/wp\/v2\/users\/1"}],"replies":[{"embeddable":true,"href":"https:\/\/bzyczek.eu\/index.php?rest_route=%2Fwp%2Fv2%2Fcomments&post=104"}],"version-history":[{"count":14,"href":"https:\/\/bzyczek.eu\/index.php?rest_route=\/wp\/v2\/pages\/104\/revisions"}],"predecessor-version":[{"id":518,"href":"https:\/\/bzyczek.eu\/index.php?rest_route=\/wp\/v2\/pages\/104\/revisions\/518"}],"up":[{"embeddable":true,"href":"https:\/\/bzyczek.eu\/index.php?rest_route=\/wp\/v2\/pages\/41"}],"wp:attachment":[{"href":"https:\/\/bzyczek.eu\/index.php?rest_route=%2Fwp%2Fv2%2Fmedia&parent=104"}],"curies":[{"name":"wp","href":"https:\/\/api.w.org\/{rel}","templated":true}]}}